{"id":145,"date":"2025-02-02T15:48:34","date_gmt":"2025-02-02T14:48:34","guid":{"rendered":"https:\/\/inovexservices.com\/contactanos\/"},"modified":"2025-02-02T15:48:34","modified_gmt":"2025-02-02T14:48:34","slug":"contactanos","status":"publish","type":"page","link":"https:\/\/inovexservices.com\/es\/contactanos\/","title":{"rendered":"Cont\u00e1ctanos"},"content":{"rendered":"<p style=\"margin-top:var(--wp--preset--spacing--60)\">\u00a1Bienvenido a Inovex Services! Somos una empresa de ingenier\u00eda en la nube con visi\u00f3n de futuro dedicada a ayudar a las empresas a liberar su potencial a trav\u00e9s de soluciones innovadoras y tecnolog\u00eda de vanguardia. A continuaci\u00f3n, encontrar\u00e1 toda la informaci\u00f3n que necesita para ponerse en contacto con nosotros, as\u00ed como las formas de conectarse con nosotros en l\u00ednea. La informaci\u00f3n de contacto se encuentra a continuaci\u00f3n \ud83d\ude42   <\/p><figure class=\"wp-block-image alignwide size-large\"><img loading=\"lazy\" decoding=\"async\" width=\"1024\" height=\"91\" src=\"http:\/\/inovexservices.com\/wp-content\/uploads\/2025\/02\/InovexServices-1024x91.png\" alt=\"Inovex Services Logo\" class=\"wp-image-8\" srcset=\"https:\/\/inovexservices.com\/wp-content\/uploads\/2025\/02\/InovexServices-1024x91.png 1024w, https:\/\/inovexservices.com\/wp-content\/uploads\/2025\/02\/InovexServices-300x27.png 300w, https:\/\/inovexservices.com\/wp-content\/uploads\/2025\/02\/InovexServices-768x68.png 768w, https:\/\/inovexservices.com\/wp-content\/uploads\/2025\/02\/InovexServices.png 1480w\" sizes=\"auto, (max-width: 1024px) 100vw, 1024px\" \/><\/figure><hr class=\"wp-block-separator has-alpha-channel-opacity\"><h3 class=\"wp-block-heading\" id=\"h-contact-information\"><strong>Informaci\u00f3n de contacto<\/strong><\/h3><p><strong>Email:<\/strong> <a href=\"mailto:inovex@inovexservices.com\">inovex@inovexservices.com<\/a><\/p><p><strong>Tel\u00e9fono:<\/strong> <a href=\"http:\/\/wa.me\/34624151031\">+34 624 15 10 31<\/a><\/p><div class=\"wp-block-buttons is-layout-flex wp-block-buttons-is-layout-flex\"><div class=\"wp-block-button\"><a class=\"wp-block-button__link wp-element-button\" href=\"http:\/\/wa.me\/34624151031\">Cont\u00e1ctanos!<\/a><\/div><\/div><hr class=\"wp-block-separator has-alpha-channel-opacity\"><h3 class=\"wp-block-heading\"><strong>Lo que ofrecemos<\/strong><\/h3><p>En Inovex Services, nos especializamos en brindar soluciones integrales en la nube adaptadas a sus necesidades espec\u00edficas. Ya sea que se trate de una peque\u00f1a o gran empresa, nuestra experiencia garantiza su \u00e9xito en el acelerado mundo digital actual. <\/p><p><strong>Migraciones Cloud:<\/strong> Migraci\u00f3n a la nube con m\u00ednimas interrupciones y m\u00e1xima eficiencia.<\/p><p><strong>Optimizaci\u00f3n Cloud:<\/strong> Ajuste del rendimiento y actualizaciones de la infraestructura para mejorar la escalabilidad y la confiabilidad.<\/p><p><strong>Seguridad y cumplimiento:<\/strong> Protecci\u00f3n integral de sus datos y cumplimiento de los est\u00e1ndares de la industria.<\/p><p><strong>Automatizaci\u00f3n y monitoreo:<\/strong> optimice los flujos de trabajo con pipelines de CI\/CD, herramientas de automatizaci\u00f3n y sistemas de monitoreo.<\/p>","protected":false},"excerpt":{"rendered":"<p>\u00a1Bienvenido a Inovex Services! Somos una empresa de ingenier\u00eda en la nube con visi\u00f3n de futuro dedicada a ayudar a las empresas a liberar su potencial a trav\u00e9s de soluciones innovadoras y tecnolog\u00eda de vanguardia. A continuaci\u00f3n, encontrar\u00e1 toda la informaci\u00f3n que necesita para ponerse en contacto con nosotros, as\u00ed como las formas de conectarse [&hellip;]<\/p>\n","protected":false},"author":1,"featured_media":0,"parent":0,"menu_order":0,"comment_status":"closed","ping_status":"closed","template":"","meta":{"_monsterinsights_skip_tracking":false,"_monsterinsights_sitenote_active":false,"_monsterinsights_sitenote_note":"","_monsterinsights_sitenote_category":0,"_uf_show_specific_survey":0,"_uf_disable_surveys":false,"footnotes":""},"class_list":["post-145","page","type-page","status-publish","hentry"],"yoast_head":"<!-- This site is optimized with the Yoast SEO Premium plugin v24.3 (Yoast SEO v24.3) - https:\/\/yoast.com\/wordpress\/plugins\/seo\/ -->\n<title>Cont\u00e1ctanos - Inovex Services<\/title>\n<meta name=\"description\" content=\"Inovex. Con un equipo de profesionales expertos especializados en AWS, Azure y GCP, ayudamos con \u00e9xito a optimizar su infraestructura en la nube.\" \/>\n<meta name=\"robots\" content=\"index, follow, max-snippet:-1, max-image-preview:large, max-video-preview:-1\" \/>\n<link rel=\"canonical\" href=\"https:\/\/inovexservices.com\/es\/contactanos\/\" \/>\n<meta property=\"og:locale\" content=\"es_ES\" \/>\n<meta property=\"og:type\" content=\"article\" \/>\n<meta property=\"og:title\" content=\"Cont\u00e1ctanos\" \/>\n<meta property=\"og:description\" content=\"Inovex. Con un equipo de profesionales expertos especializados en AWS, Azure y GCP, ayudamos con \u00e9xito a optimizar su infraestructura en la nube.\" \/>\n<meta property=\"og:url\" content=\"https:\/\/inovexservices.com\/es\/contactanos\/\" \/>\n<meta property=\"og:site_name\" content=\"Inovex Services\" \/>\n<meta property=\"og:image\" content=\"https:\/\/inovexservices.com\/wp-content\/uploads\/2025\/02\/InovexServices.png\" \/>\n\t<meta property=\"og:image:width\" content=\"1480\" \/>\n\t<meta property=\"og:image:height\" content=\"132\" \/>\n\t<meta property=\"og:image:type\" content=\"image\/png\" \/>\n<meta name=\"twitter:card\" content=\"summary_large_image\" \/>\n<meta name=\"twitter:label1\" content=\"Tiempo de lectura\" \/>\n\t<meta name=\"twitter:data1\" content=\"1 minuto\" \/>\n<script type=\"application\/ld+json\" class=\"yoast-schema-graph\">{\"@context\":\"https:\/\/schema.org\",\"@graph\":[{\"@type\":\"WebPage\",\"@id\":\"https:\/\/inovexservices.com\/es\/contactanos\/\",\"url\":\"https:\/\/inovexservices.com\/es\/contactanos\/\",\"name\":\"Cont\u00e1ctanos - Inovex Services\",\"isPartOf\":{\"@id\":\"https:\/\/inovexservices.com\/#website\"},\"primaryImageOfPage\":{\"@id\":\"https:\/\/inovexservices.com\/es\/contactanos\/#primaryimage\"},\"image\":{\"@id\":\"https:\/\/inovexservices.com\/es\/contactanos\/#primaryimage\"},\"thumbnailUrl\":\"http:\/\/inovexservices.com\/wp-content\/uploads\/2025\/02\/InovexServices-1024x91.png\",\"datePublished\":\"2025-02-02T14:48:34+00:00\",\"dateModified\":\"2025-02-02T14:48:34+00:00\",\"description\":\"Inovex. Con un equipo de profesionales expertos especializados en AWS, Azure y GCP, ayudamos con \u00e9xito a optimizar su infraestructura en la nube.\",\"breadcrumb\":{\"@id\":\"https:\/\/inovexservices.com\/es\/contactanos\/#breadcrumb\"},\"inLanguage\":\"es\",\"potentialAction\":[{\"@type\":\"ReadAction\",\"target\":[\"https:\/\/inovexservices.com\/es\/contactanos\/\"]}]},{\"@type\":\"ImageObject\",\"inLanguage\":\"es\",\"@id\":\"https:\/\/inovexservices.com\/es\/contactanos\/#primaryimage\",\"url\":\"http:\/\/inovexservices.com\/wp-content\/uploads\/2025\/02\/InovexServices-1024x91.png\",\"contentUrl\":\"http:\/\/inovexservices.com\/wp-content\/uploads\/2025\/02\/InovexServices-1024x91.png\"},{\"@type\":\"BreadcrumbList\",\"@id\":\"https:\/\/inovexservices.com\/es\/contactanos\/#breadcrumb\",\"itemListElement\":[{\"@type\":\"ListItem\",\"position\":1,\"name\":\"Home\",\"item\":\"https:\/\/inovexservices.com\/\"},{\"@type\":\"ListItem\",\"position\":2,\"name\":\"Cont\u00e1ctanos\"}]},{\"@type\":\"WebSite\",\"@id\":\"https:\/\/inovexservices.com\/#website\",\"url\":\"https:\/\/inovexservices.com\/\",\"name\":\"Inovex Services\",\"description\":\"Inovex Services\",\"publisher\":{\"@id\":\"https:\/\/inovexservices.com\/#organization\"},\"potentialAction\":[{\"@type\":\"SearchAction\",\"target\":{\"@type\":\"EntryPoint\",\"urlTemplate\":\"https:\/\/inovexservices.com\/?s={search_term_string}\"},\"query-input\":{\"@type\":\"PropertyValueSpecification\",\"valueRequired\":true,\"valueName\":\"search_term_string\"}}],\"inLanguage\":\"es\"},{\"@type\":\"Organization\",\"@id\":\"https:\/\/inovexservices.com\/#organization\",\"name\":\"Inovex Services\",\"alternateName\":\"Inovex Solutions\",\"url\":\"https:\/\/inovexservices.com\/\",\"logo\":{\"@type\":\"ImageObject\",\"inLanguage\":\"es\",\"@id\":\"https:\/\/inovexservices.com\/#\/schema\/logo\/image\/\",\"url\":\"https:\/\/inovexservices.com\/wp-content\/uploads\/2025\/02\/InovexServices.png\",\"contentUrl\":\"https:\/\/inovexservices.com\/wp-content\/uploads\/2025\/02\/InovexServices.png\",\"width\":1480,\"height\":132,\"caption\":\"Inovex Services\"},\"image\":{\"@id\":\"https:\/\/inovexservices.com\/#\/schema\/logo\/image\/\"},\"description\":\"Our company is at the forefront of leveraging cutting-edge cloud technologies to empower businesses of all sizes. With a steadfast commitment to excellence, we provide scalable and reliable solutions that not only enhance your cloud infrastructure but also drive growth through innovative practices. Our team of certified AWS experts and experienced developers are dedicated to offering tailored services that adapt to your unique needs, ensuring your business thrives in today's dynamic digital landscape.\",\"email\":\"inovex@inovexservices.com\",\"telephone\":\"+34 624151031\",\"legalName\":\"Inovex Solutions\"}]}<\/script>\n<!-- \/ Yoast SEO Premium plugin. -->","yoast_head_json":{"title":"Cont\u00e1ctanos - Inovex Services","description":"Inovex. Con un equipo de profesionales expertos especializados en AWS, Azure y GCP, ayudamos con \u00e9xito a optimizar su infraestructura en la nube.","robots":{"index":"index","follow":"follow","max-snippet":"max-snippet:-1","max-image-preview":"max-image-preview:large","max-video-preview":"max-video-preview:-1"},"canonical":"https:\/\/inovexservices.com\/es\/contactanos\/","og_locale":"es_ES","og_type":"article","og_title":"Cont\u00e1ctanos","og_description":"Inovex. Con un equipo de profesionales expertos especializados en AWS, Azure y GCP, ayudamos con \u00e9xito a optimizar su infraestructura en la nube.","og_url":"https:\/\/inovexservices.com\/es\/contactanos\/","og_site_name":"Inovex Services","og_image":[{"width":1480,"height":132,"url":"https:\/\/inovexservices.com\/wp-content\/uploads\/2025\/02\/InovexServices.png","type":"image\/png"}],"twitter_card":"summary_large_image","twitter_misc":{"Tiempo de lectura":"1 minuto"},"schema":{"@context":"https:\/\/schema.org","@graph":[{"@type":"WebPage","@id":"https:\/\/inovexservices.com\/es\/contactanos\/","url":"https:\/\/inovexservices.com\/es\/contactanos\/","name":"Cont\u00e1ctanos - Inovex Services","isPartOf":{"@id":"https:\/\/inovexservices.com\/#website"},"primaryImageOfPage":{"@id":"https:\/\/inovexservices.com\/es\/contactanos\/#primaryimage"},"image":{"@id":"https:\/\/inovexservices.com\/es\/contactanos\/#primaryimage"},"thumbnailUrl":"http:\/\/inovexservices.com\/wp-content\/uploads\/2025\/02\/InovexServices-1024x91.png","datePublished":"2025-02-02T14:48:34+00:00","dateModified":"2025-02-02T14:48:34+00:00","description":"Inovex. Con un equipo de profesionales expertos especializados en AWS, Azure y GCP, ayudamos con \u00e9xito a optimizar su infraestructura en la nube.","breadcrumb":{"@id":"https:\/\/inovexservices.com\/es\/contactanos\/#breadcrumb"},"inLanguage":"es","potentialAction":[{"@type":"ReadAction","target":["https:\/\/inovexservices.com\/es\/contactanos\/"]}]},{"@type":"ImageObject","inLanguage":"es","@id":"https:\/\/inovexservices.com\/es\/contactanos\/#primaryimage","url":"http:\/\/inovexservices.com\/wp-content\/uploads\/2025\/02\/InovexServices-1024x91.png","contentUrl":"http:\/\/inovexservices.com\/wp-content\/uploads\/2025\/02\/InovexServices-1024x91.png"},{"@type":"BreadcrumbList","@id":"https:\/\/inovexservices.com\/es\/contactanos\/#breadcrumb","itemListElement":[{"@type":"ListItem","position":1,"name":"Home","item":"https:\/\/inovexservices.com\/"},{"@type":"ListItem","position":2,"name":"Cont\u00e1ctanos"}]},{"@type":"WebSite","@id":"https:\/\/inovexservices.com\/#website","url":"https:\/\/inovexservices.com\/","name":"Inovex Services","description":"Inovex Services","publisher":{"@id":"https:\/\/inovexservices.com\/#organization"},"potentialAction":[{"@type":"SearchAction","target":{"@type":"EntryPoint","urlTemplate":"https:\/\/inovexservices.com\/?s={search_term_string}"},"query-input":{"@type":"PropertyValueSpecification","valueRequired":true,"valueName":"search_term_string"}}],"inLanguage":"es"},{"@type":"Organization","@id":"https:\/\/inovexservices.com\/#organization","name":"Inovex Services","alternateName":"Inovex Solutions","url":"https:\/\/inovexservices.com\/","logo":{"@type":"ImageObject","inLanguage":"es","@id":"https:\/\/inovexservices.com\/#\/schema\/logo\/image\/","url":"https:\/\/inovexservices.com\/wp-content\/uploads\/2025\/02\/InovexServices.png","contentUrl":"https:\/\/inovexservices.com\/wp-content\/uploads\/2025\/02\/InovexServices.png","width":1480,"height":132,"caption":"Inovex Services"},"image":{"@id":"https:\/\/inovexservices.com\/#\/schema\/logo\/image\/"},"description":"Our company is at the forefront of leveraging cutting-edge cloud technologies to empower businesses of all sizes. With a steadfast commitment to excellence, we provide scalable and reliable solutions that not only enhance your cloud infrastructure but also drive growth through innovative practices. Our team of certified AWS experts and experienced developers are dedicated to offering tailored services that adapt to your unique needs, ensuring your business thrives in today's dynamic digital landscape.","email":"inovex@inovexservices.com","telephone":"+34 624151031","legalName":"Inovex Solutions"}]}},"_links":{"self":[{"href":"https:\/\/inovexservices.com\/es\/wp-json\/wp\/v2\/pages\/145","targetHints":{"allow":["GET"]}}],"collection":[{"href":"https:\/\/inovexservices.com\/es\/wp-json\/wp\/v2\/pages"}],"about":[{"href":"https:\/\/inovexservices.com\/es\/wp-json\/wp\/v2\/types\/page"}],"author":[{"embeddable":true,"href":"https:\/\/inovexservices.com\/es\/wp-json\/wp\/v2\/users\/1"}],"replies":[{"embeddable":true,"href":"https:\/\/inovexservices.com\/es\/wp-json\/wp\/v2\/comments?post=145"}],"version-history":[{"count":0,"href":"https:\/\/inovexservices.com\/es\/wp-json\/wp\/v2\/pages\/145\/revisions"}],"wp:attachment":[{"href":"https:\/\/inovexservices.com\/es\/wp-json\/wp\/v2\/media?parent=145"}],"curies":[{"name":"wp","href":"https:\/\/api.w.org\/{rel}","templated":true}]}}